{"id":1383,"date":"2018-05-30T11:27:59","date_gmt":"2018-05-30T11:27:59","guid":{"rendered":"http:\/\/buruplast.com\/en\/?page_id=1383"},"modified":"2018-05-30T11:59:50","modified_gmt":"2018-05-30T11:59:50","slug":"contact","status":"publish","type":"page","link":"https:\/\/buruplast.com\/en\/contact\/","title":{"rendered":"Contact"},"content":{"rendered":"[vc_row full_width=&#8221;stretch_row_content_no_spaces&#8221; css=&#8221;.vc_custom_1503571638611{margin-top: -41px !important;}&#8221; min_height=&#8221;400px&#8221;][vc_column width=&#8221;1\/2&#8243;][vc_column_text]<style type=\"text\/css\" id=\"gmpMapStyles_1_95442\">\r\n\t#google_map_easy_1_95442 {\r\n        width: 100%;\r\n        height: 400px;\r\n\t\t\t\t\t\t    }\r\n\t#gmapControlsNum_1_95442 {\r\n\t\twidth:100%\t}\r\n\t.gmpMapDetailsContainer#gmpMapDetailsContainer_1_95442 {\r\n\t\theight:400px;\r\n\t}\r\n\t.gmp_MapPreview#google_map_easy_1_95442 {\r\n\t\t\/*position:absolute;*\/\r\n\t\twidth: 100%;\r\n\t}\r\n\t#mapConElem_1_95442{\r\n\t\twidth: 100%\t}\r\n    .gm-style .gm-style-iw-c{\r\n        padding: 12px!important;\r\n    }\r\n\t    <\/style>\r\n <div class=\"gmp_map_opts\" id=\"mapConElem_1_95442\" data-id=\"1\" data-view-id=\"1_95442\" > <div class=\"gmpMapDetailsContainer\" id=\"gmpMapDetailsContainer_1_95442\"> <i class=\"gmpKMLLayersPreloader fa fa-spinner fa-spin\" aria-hidden=\"true\" style=\"display: none;\"><\/i> <div class=\"gmp_MapPreview \" id=\"google_map_easy_1_95442\"><\/div> <\/div> <div class=\"gmpMapMarkerFilters\" id=\"gmpMapMarkerFilters_1_95442\"> <\/div> <div class=\"gmpMapProControlsCon\" id=\"gmpMapProControlsCon_1_95442\"> <a title=\"Google Maps Wordpress\" style=\"border:none; color: #26bfc1 !important; font-size: 9px; display: block; float: right; padding-right: 10px;\" href=\"https:\/\/supsystic.com\/plugins\/google-maps-plugin\/?utm_medium=love_link\" target=\"_blank\">Google Maps Wordpress<\/a><div style=\"clear: both;\"><\/div> <\/div> <div class=\"gmpMapProDirectionsCon\" id=\"gmpMapProDirectionsCon_1_95442\" > <\/div> <div class=\"gmpMapProKmlFilterCon\" id=\"gmpMapProKmlFilterCon_1_95442\" > <\/div> <div class=\"gmpSocialSharingShell gmpSocialSharingShell_1_95442\"> <\/div> <div style=\"clear: both;\"><\/div> <\/div> [\/vc_column_text][\/vc_column][vc_column width=&#8221;1\/2&#8243; css=&#8221;.vc_custom_1503571920261{background-color: #d6d6d6 !important;}&#8221; min_height=&#8221;400px&#8221;][vc_row_inner][vc_column_inner width=&#8221;1\/2&#8243; css=&#8221;.vc_custom_1503571655844{margin-left: 40px !important;}&#8221;][vc_empty_space][vc_column_text]\n<h1><span style=\"color: #28265c; font-size: 36px;\">WHERE ARE WE?<\/span><\/h1>\n[\/vc_column_text][vc_empty_space height=&#8221;18px&#8221;][vc_column_text]<span style=\"color: #333333;\">Buruplast S.L<\/span><br \/>\n<span style=\"color: #333333;\">Calle Lermandabide, 21<\/span><br \/>\n<span style=\"color: #333333;\">Pol\u00edgono industrial J\u00fandiz<\/span><br \/>\n<span style=\"color: #333333;\">01015 Vitoria-Gasteiz, \u00c1lava<\/span><\/p>\n<p><span style=\"color: #333333;\">\u00a0<i class=\"fa fa-envelope-o\" aria-hidden=\"true\"><\/i> E-mail: <a href=\"mailto:buruplast@buruplast.com\">buruplast@buruplast.com<\/a><\/span><br \/>\n<span style=\"color: #333333;\">\u00a0<i class=\"fa fa-commenting-o\" aria-hidden=\"true\"><\/i>\u00a0Telephone: <strong>945 29 06 24<\/strong><\/span><br \/>\n<span style=\"color: #333333;\">\u00a0<i class=\"fa fa-fax\" aria-hidden=\"true\"><\/i> Fax: 945 29 07 56<\/span>[\/vc_column_text][vc_empty_space height=&#8221;22px&#8221;][vc_btn title=&#8221;How to get?&#8221; style=&#8221;custom&#8221; custom_background=&#8221;#28265c&#8221; custom_text=&#8221;#ffffff&#8221; shape=&#8221;round&#8221; align=&#8221;left&#8221; i_icon_fontawesome=&#8221;fa fa-external-link&#8221; css_animation=&#8221;right-to-left&#8221; link=&#8221;url:https%3A%2F%2Fwww.google.es%2Fmaps%2Fdir%2F%2FBuruplast%2C%2BLermandabide%2C%2B21%2C%2B01015%2BVitoria-Gasteiz%2C%2B%25C3%2581lava%2F%4042.8419313%2C-2.7475089%2C17z%2Fdata%3D!4m15!1m6!3m5!1s0xd4fc03479213ae5%3A0x486c453002ef8667!2sBuruplast!8m2!3d42.8419313!4d-2.7453202!4m7!1m0!1m5!1m1!1s0xd4fc03479213ae5%3A0x486c453002ef8667!2m2!1d-2.7453202!2d42.8419313|||&#8221; add_icon=&#8221;true&#8221;][\/vc_column_inner][vc_column_inner width=&#8221;1\/2&#8243;][\/vc_column_inner][\/vc_row_inner][\/vc_column][\/vc_row][vc_row][vc_column width=&#8221;1\/2&#8243;][vc_column_text]\n<h1><span style=\"color: #28265c; font-size: 36px;\">CONTACT US<\/span><\/h1>\n[\/vc_column_text][vc_empty_space height=&#8221;18px&#8221;][vc_column_text]Please fill in the form with your query and we will get in contact with you as soon as possible.[\/vc_column_text][vc_empty_space height=&#8221;18px&#8221;][vc_column_text]<i class=\"fa fa-chevron-circle-right\" aria-hidden=\"true\"><\/i>\u00a0\u00a0<a href=\"http:\/\/buruplast.com\/web\/politica-de-privacidad\/\" target=\"_blank\" rel=\"noopener\">Pol\u00edtica de privacidad y protecci\u00f3n de datos.<\/a><\/p>\n<p><i class=\"fa fa-chevron-circle-right\" aria-hidden=\"true\"><\/i>\u00a0 <a href=\"http:\/\/buruplast.com\/web\/politica-de-cookies\/\" target=\"_blank\" rel=\"noopener\">Aviso de Cookies.<\/a>[\/vc_column_text][\/vc_column][vc_column width=&#8221;1\/2&#8243;]<div role=\"form\" class=\"wpcf7\" id=\"wpcf7-f1399-o1\" lang=\"es-ES\" dir=\"ltr\">\n<div class=\"screen-reader-response\"><\/div>\n<form action=\"\/en\/wp-json\/wp\/v2\/pages\/1383#wpcf7-f1399-o1\" method=\"post\" class=\"wpcf7-form\" novalidate=\"novalidate\">\n<div style=\"display: none;\">\n<input type=\"hidden\" name=\"_wpcf7\" value=\"1399\" \/>\n<input type=\"hidden\" name=\"_wpcf7_version\" value=\"5.0.5\" \/>\n<input type=\"hidden\" name=\"_wpcf7_locale\" value=\"es_ES\" \/>\n<input type=\"hidden\" name=\"_wpcf7_unit_tag\" value=\"wpcf7-f1399-o1\" \/>\n<input type=\"hidden\" name=\"_wpcf7_container_post\" value=\"0\" \/>\n<\/div>\n<p> Company (required)<br \/>\n    <span class=\"wpcf7-form-control-wrap empresa\"><input type=\"text\" name=\"empresa\" value=\"\" size=\"40\" class=\"wpcf7-form-control wpcf7-text wpcf7-validates-as-required\" aria-required=\"true\" aria-invalid=\"false\" \/><\/span> <\/p>\n<p> Name and Surname (required)<br \/>\n    <span class=\"wpcf7-form-control-wrap nombre\"><input type=\"text\" name=\"nombre\" value=\"\" size=\"40\" class=\"wpcf7-form-control wpcf7-text wpcf7-validates-as-required\" aria-required=\"true\" aria-invalid=\"false\" \/><\/span> <\/p>\n<p> Email (required)<br \/>\n    <span class=\"wpcf7-form-control-wrap email\"><input type=\"email\" name=\"email\" value=\"\" size=\"40\" class=\"wpcf7-form-control wpcf7-text wpcf7-email wpcf7-validates-as-required wpcf7-validates-as-email\" aria-required=\"true\" aria-invalid=\"false\" \/><\/span> <\/p>\n<p> Telephone (required)<br \/>\n<span class=\"wpcf7-form-control-wrap telefono\"><input type=\"tel\" name=\"telefono\" value=\"\" size=\"40\" class=\"wpcf7-form-control wpcf7-text wpcf7-tel wpcf7-validates-as-required wpcf7-validates-as-tel\" aria-required=\"true\" aria-invalid=\"false\" \/><\/span> <\/p>\n<p> Message<br \/>\n    <span class=\"wpcf7-form-control-wrap consulta\"><textarea name=\"consulta\" cols=\"40\" rows=\"10\" class=\"wpcf7-form-control wpcf7-textarea\" aria-invalid=\"false\"><\/textarea><\/span> <\/p>\n<p> Type of query<br \/>\n<span class=\"wpcf7-form-control-wrap motivo\"><span class=\"wpcf7-form-control wpcf7-radio\"><span class=\"wpcf7-list-item first\"><input type=\"radio\" name=\"motivo\" value=\"Quotation\" \/><span class=\"wpcf7-list-item-label\">Quotation<\/span><\/span><span class=\"wpcf7-list-item\"><input type=\"radio\" name=\"motivo\" value=\"Information\" \/><span class=\"wpcf7-list-item-label\">Information<\/span><\/span><span class=\"wpcf7-list-item last\"><input type=\"radio\" name=\"motivo\" value=\"Query\" \/><span class=\"wpcf7-list-item-label\">Query<\/span><\/span><\/span><\/span><\/p>\n<p><a href=\"https:\/\/buruplast.com\/clausula-informativa-para-formulario-de-contacto\/\" target=\"_blank\">I accept that he has read and agrees with the privacy and data protection policy.<\/a> <br \/>\n<span class=\"wpcf7-form-control-wrap acceptance-859\"><span class=\"wpcf7-form-control wpcf7-acceptance\"><span class=\"wpcf7-list-item\"><input type=\"checkbox\" name=\"acceptance-859\" value=\"1\" aria-invalid=\"false\" \/><\/span><\/span><\/span> <\/p>\n<p><input type=\"submit\" value=\"Send\" class=\"wpcf7-form-control wpcf7-submit\" \/><\/p>\n<div class=\"wpcf7-response-output wpcf7-display-none\"><\/div><\/form><\/div>[\/vc_column][\/vc_row]\n","protected":false},"excerpt":{"rendered":"<p>[vc_row full_width=&#8221;stretch_row_content_no_spaces&#8221; css=&#8221;.vc_custom_1503571638611{margin-top: -41px !important;}&#8221; min_height=&#8221;400px&#8221;][vc_column width=&#8221;1\/2&#8243;][vc_column_text][\/vc_column_text][\/vc_column][vc_column width=&#8221;1\/2&#8243; css=&#8221;.vc_custom_1503571920261{background-color: #d6d6d6 !important;}&#8221; min_height=&#8221;400px&#8221;][vc_row_inner][vc_column_inner width=&#8221;1\/2&#8243; css=&#8221;.vc_custom_1503571655844{margin-left: 40px !important;}&#8221;][vc_empty_space][vc_column_text] WHERE ARE WE? [\/vc_column_text][vc_empty_space height=&#8221;18px&#8221;][vc_column_text]Buruplast S.L Calle Lermandabide, 21 Pol\u00edgono industrial J\u00fandiz 01015 Vitoria-Gasteiz, \u00c1lava \u00a0 E-mail: buruplast@buruplast.com \u00a0\u00a0Telephone: 945 29 06 24 \u00a0&hellip;<\/p>\n","protected":false},"author":1,"featured_media":0,"parent":0,"menu_order":0,"comment_status":"closed","ping_status":"closed","template":"","meta":[],"_links":{"self":[{"href":"https:\/\/buruplast.com\/en\/wp-json\/wp\/v2\/pages\/1383"}],"collection":[{"href":"https:\/\/buruplast.com\/en\/wp-json\/wp\/v2\/pages"}],"about":[{"href":"https:\/\/buruplast.com\/en\/wp-json\/wp\/v2\/types\/page"}],"author":[{"embeddable":true,"href":"https:\/\/buruplast.com\/en\/wp-json\/wp\/v2\/users\/1"}],"replies":[{"embeddable":true,"href":"https:\/\/buruplast.com\/en\/wp-json\/wp\/v2\/comments?post=1383"}],"version-history":[{"count":3,"href":"https:\/\/buruplast.com\/en\/wp-json\/wp\/v2\/pages\/1383\/revisions"}],"predecessor-version":[{"id":1400,"href":"https:\/\/buruplast.com\/en\/wp-json\/wp\/v2\/pages\/1383\/revisions\/1400"}],"wp:attachment":[{"href":"https:\/\/buruplast.com\/en\/wp-json\/wp\/v2\/media?parent=1383"}],"curies":[{"name":"wp","href":"https:\/\/api.w.org\/{rel}","templated":true}]}}